{"id":34,"date":"2015-09-26T12:30:39","date_gmt":"2015-09-26T10:30:39","guid":{"rendered":"http:\/\/test.nordics.ch\/wordpress\/?page_id=34"},"modified":"2025-05-20T02:57:46","modified_gmt":"2025-05-20T00:57:46","slug":"local-links-dk","status":"publish","type":"page","link":"https:\/\/www.nordics.ch\/?page_id=34","title":{"rendered":"Denmark Resources in Switzerland"},"content":{"rendered":"\n<figure class=\"wp-block-image\"><img src=\"..\/images\/img_links.jpg\" alt=\"\"\/><\/figure>\n\n\n\n<div class=\"spacer\"><img loading=\"lazy\" src=\"..\/images\/flag_denmark-sm.gif\" alt=\"Denmark\" width=\"27\" height=\"22\"><span class=\"hed30\"> Denmark<\/span><\/div>\n\n\n\n<p><img loading=\"lazy\" src=\"..\/images\/flag_denmark-sm.gif\" alt=\"Denmark\" width=\"27\" height=\"22\"> Denmark<\/p>\n\n\n\n<p>This page highlights local Danish resources for those living in the Geneva region, including Vaud and nearby parts of France, as well as key national institutions such as the embassy in Berlin.<\/p>\n\n\n\n<div class=\"float2\">\n<h4>Embassy<\/h4>\n<p>Denmark has no embassy in Switzerland. Inquiries must be made to the Danish Embassy in Berlin:<\/p>\n<p>Embassy of Denmark in Germany<br>Rauchstrasse 1<br>D-10787 Berlin<br>Tel: +49 30 5050 2000<\/p>\n<h4>Consulate<\/h4>\n<p><strong>D\u00e4nisches Konsulat Basel<\/strong><br>(for cantons of BS, BL, SO)<br>Oslo-Strasse 2<br>CH-4142 M\u00fcnchenstein\/Basel<br>Opening hours: Wednesday 12:00 to 15:00<\/p>\n<p><strong>D\u00e4nisches Konsulat Z\u00fcrich<\/strong><br>(for cantons of ZH, ZG, LU, OW, NW, UR, SZ, GL, GR, AI, AR, TG, AG, SH, SG)<br>Stadelhoferstrasse 40<br>Postfach 159<br>CH-8024&nbsp;Z\u00fcrich<br>Opening hours: Monday 09:00 &#8211; 12:00 \/ Thursday: 13:00 &#8211; 16:00<\/p>\n<h4>Mission<\/h4>\n<p>Mission Permanente du Danemark<br>56 Rue du Moillebeau<br>Case Postale 435<br>CH-1211 Gen\u00e8ve 19<br>Tel: +41 22 918 00 40<br>Fax: +41 22 918 00 66<br>Email: <a href=\"mailto:gvamis@um.dk\">gvamis@um.dk<\/a><br>Opening hours: Monday-Thursday 09:00 &#8211; 17:00 \/ Friday 09:00 &#8211; 16:00<\/p>\n<h4>The Danish Church<\/h4>\n<p>Den danske kirke i Schweiz, Gen\u00e8ve<br>Pr\u00e6st: Lars-Erich Stephansen<br>Chapelle St-L\u00e9ger<br>20 Rue St-L\u00e9ger<br>CH-1204 Gen\u00e8ve<br>Tel\/Fax: +41 22 798 80 18<br>Web: <a href=\"http:\/\/www.dankirke-ch.com\">www.dankirke-ch.com<\/a><\/p>\n<h4>Danish-Swiss Chamber of Commerce<\/h4>\n<p>Web: <a href=\"https:\/\/dshk.ch\/\">www.dshk.ch<\/a><\/p>\n<h4>Medical Doctors<\/h4>\n<\/div>\n\n\n\n<div class=\"float2\">\n<p>Dr. Finn Mahler<br>Hopital de La Tour<br>CH-1217 Meyrin<br>Tel: +41 22 719 6565<\/p>\n<h4>Other<\/h4>\n<p><a href=\"http:\/\/schweiz.um.dk\">http:\/\/schweiz.um.dk<\/a><\/p>\n<\/div>\n","protected":false},"excerpt":{"rendered":"<p>Denmark Denmark This page highlights local Danish resources for those living in the Geneva region, including Vaud and nearby parts of France, as well as key national institutions such as the embassy in Berlin. Embassy Denmark has no embassy in Switzerland. Inquiries must be made to the Danish Embassy in Berlin: Embassy of Denmark in &hellip; <a href=\"https:\/\/www.nordics.ch\/?page_id=34\" class=\"more-link\">Continue reading <span class=\"screen-reader-text\">Denmark Resources in Switzerland<\/span> <span class=\"meta-nav\">&rarr;<\/span><\/a><\/p>\n","protected":false},"author":1,"featured_media":0,"parent":6828,"menu_order":0,"comment_status":"closed","ping_status":"closed","template":"","meta":[],"acf":[],"_links":{"self":[{"href":"https:\/\/www.nordics.ch\/index.php?rest_route=\/wp\/v2\/pages\/34"}],"collection":[{"href":"https:\/\/www.nordics.ch\/index.php?rest_route=\/wp\/v2\/pages"}],"about":[{"href":"https:\/\/www.nordics.ch\/index.php?rest_route=\/wp\/v2\/types\/page"}],"author":[{"embeddable":true,"href":"https:\/\/www.nordics.ch\/index.php?rest_route=\/wp\/v2\/users\/1"}],"replies":[{"embeddable":true,"href":"https:\/\/www.nordics.ch\/index.php?rest_route=%2Fwp%2Fv2%2Fcomments&post=34"}],"version-history":[{"count":13,"href":"https:\/\/www.nordics.ch\/index.php?rest_route=\/wp\/v2\/pages\/34\/revisions"}],"predecessor-version":[{"id":6849,"href":"https:\/\/www.nordics.ch\/index.php?rest_route=\/wp\/v2\/pages\/34\/revisions\/6849"}],"up":[{"embeddable":true,"href":"https:\/\/www.nordics.ch\/index.php?rest_route=\/wp\/v2\/pages\/6828"}],"wp:attachment":[{"href":"https:\/\/www.nordics.ch\/index.php?rest_route=%2Fwp%2Fv2%2Fmedia&parent=34"}],"curies":[{"name":"wp","href":"https:\/\/api.w.org\/{rel}","templated":true}]}}