{"id":56,"date":"2015-09-26T12:37:24","date_gmt":"2015-09-26T10:37:24","guid":{"rendered":"http:\/\/test.nordics.ch\/wordpress\/?page_id=56"},"modified":"2025-05-20T03:19:44","modified_gmt":"2025-05-20T01:19:44","slug":"local-links-se","status":"publish","type":"page","link":"https:\/\/www.nordics.ch\/?page_id=56","title":{"rendered":"Sweden Resources in Switzerland"},"content":{"rendered":"\n<figure class=\"wp-block-image\"><img src=\"..\/images\/img_links.jpg\" alt=\"\"\/><\/figure>\n\n\n\n<div class=\"spacer\"><span class=\"hed30\"><img loading=\"lazy\" src=\"..\/images\/flag_sweden-sm.gif\" alt=\"Sweden\" width=\"35\" height=\"22\"> Sweden<\/span><\/div>\n\n\n\n<div class=\"float2\">\n<h4>&nbsp;<\/h4>\n<p>This page highlights local Swedish resources for those living in the Geneva region, including Vaud and nearby parts of France, as well as key national institutions such as the embassy in Bern.<\/p>\n<h4>Embassy<\/h4>\n<p>Schwedische Botschaft<br>Bundesgasse 26<br>Postfach<br>CH-3001 Bern<br>Tel: +41 031 328 70 00<br>Fax: +41 031 328 70 01<br>Email: <a href=\"mailto:ambassaden.bern@gov.se\">ambassaden.bern@gov.se<\/a><\/p>\n<h4>Consulate<\/h4>\n<p>Consulate de Su\u00e8de<br>14 Quai G\u00e9n\u00e9ral-Guisan<br>CH-1204 Gen\u00e8ve<br>Tel: +41 22 718 80 97<br>Email: <a href=\"http:\/\/www.swedenabroad.com\/sv-SE\/Ambassader\/Bern\/Kontakt\/Ambassaden--konsulat\/#Geneve\">consulat@swedgen.ch<br><\/a><\/p>\n<h4>Mission<\/h4>\n<p>Mission Permanente de la Su\u00e8de<br>Case Postale<br>CH-1211 Gen\u00e8ve 20<\/p>\n<h4>Church<\/h4>\n<p>Svenska kyrkan i Schweiz,<br>Pr\u00e4st: KH Folke Jonsson<br>(Lausanne)<br>Ordf: Bengt Sagnell (Gen\u00e8ve)<br>Tel: +41 22 782 67 52<br>Email: <a href=\"mailto:bsagnell@bluewin.ch\">bsagnell@bluewin.ch<\/a><br>Web: <a href=\"https:\/\/www.svenskakyrkan.se\/\" target=\"_blank\" rel=\"noopener noreferrer\">Svenska kyrkan<\/a><\/p>\n\n\n\n\n<h4>School<\/h4>\n\n\n\n\n\n<div class=\"wp-block-media-text alignwide is-stacked-on-mobile\" style=\"grid-template-columns:20% auto\"><figure class=\"wp-block-media-text__media\"><img loading=\"lazy\" width=\"500\" height=\"500\" src=\"http:\/\/www.nordics.ch\/wordpress\/wp-content\/uploads\/2024\/10\/swedishschoolgenevalogo.jpg\" alt=\"\" class=\"wp-image-6731 size-full\" srcset=\"https:\/\/www.nordics.ch\/wordpress\/wp-content\/uploads\/2024\/10\/swedishschoolgenevalogo.jpg 500w, https:\/\/www.nordics.ch\/wordpress\/wp-content\/uploads\/2024\/10\/swedishschoolgenevalogo-300x300.jpg 300w, https:\/\/www.nordics.ch\/wordpress\/wp-content\/uploads\/2024\/10\/swedishschoolgenevalogo-150x150.jpg 150w\" sizes=\"(max-width: 500px) 100vw, 500px\" \/><\/figure><div class=\"wp-block-media-text__content\">\n<p>Swedish International School of Geneva<br>Esplanade des R\u00e9cr\u00e9ations 9, 1217 Meyrin<br><a href=\"http:\/\/www.sisog.ch\">www.sisog.ch<\/a><br>email: admin@sisog.ch<br>Tel: +41 22 782 65 00<\/p>\n\n\n\n<p>(Previously called: Svenska skolan i Gen\u00e8ve)<\/p>\n<\/div><\/div>\n\n\n\n<h4>Swedish Delicassies<\/h4>\n<p>Saveurs du nord<br>Carina Huguenin<br>Pr\u00e9- Fontaine 4<br>CH 1269 Bassins<br>Tel: +41 79 712 52 42<br>Email: <a href=\"mailto:saveursdunord@bluewin.ch\">saveursdunord@bluewin.ch<\/a><br>Web: <a href=\"http:\/\/www.saveursdunord.ch\/\">Saveurs du nord <\/a><\/p>\n<\/div>\n\n\n\n<div class=\"float2\">\n<h4>Medical Doctors<\/h4>\n<p><strong>Dr. G\u00f6ran Kjellberg<\/strong><br>Swedish pediatrician, psychologist and psychotherapist for children and adolescents<br>38 Chemin de la Petite-Boissi\u00e8re<br>CH-1208 Gen\u00e8ve<br>Tel: +41 22 376 44 44<\/p>\n<p><strong>Dr. Hans Ericson, MD\/PhD<\/strong><br>FMH Specialist i Neurokirurgi<br>Bed\u00f6mer och behandlar sjukdomar i och runt hj\u00e4rnan samt i ryggen<br>Spr\u00e5k: Svenska, Engelska, Franska<br>Clinique de Genolier<br>CH-1272 Genolier<br>Tel: +41 22 366 90 61<\/p>\n<p><strong>More Swedish staff at Clinique de Genolier<\/strong><br>&#8211; Dr. Mikael Rabaeus: Kardiolog<br>&#8211; Kerstin Rubrandt-Hess: Sjukgymnast<br>&#8211; Gunilla \u00d6sterl\u00f6f: Koordinator<\/p>\n<h4>Other<\/h4>\n<p><strong>SSCC Swedish Swiss Chamber of Commerce &#8211; Geneva Office<\/strong><br>Anna R\u00f6nneskog<br>Tel: +41 22 718 72 42<br>Email: <a href=\"mailto:info.geneva@swecham.ch\">info.geneva@swecham.ch<\/a><br>Web: <a href=\"http:\/\/swecham.ch\/\" target=\"_blank\" rel=\"noopener noreferrer\">www.swecham.ch<\/a><\/p>\n<p><strong>SWEA Swedish Women&#8217;s Educational Association International &#8211; Geneva Branch<\/strong><br>Web: <a href=\"http:\/\/geneve.swea.org\/\" target=\"_blank\" rel=\"noopener noreferrer\">SWEA<\/a><\/p>\n<p><strong>Svenska Klubben Lausanne-Gen\u00e8ve<\/strong><br>c\/o Peter Pihlgren CP 247<br>CH-1268 Begnins<br>Web: <a href=\"http:\/\/www.svenska-klubben.com\/\" target=\"_blank\" rel=\"noopener noreferrer\">Svenska Klubben<\/a><\/p>\n<\/div>\n\n\n\n<p><\/p>\n","protected":false},"excerpt":{"rendered":"<p>Sweden &nbsp; This page highlights local Swedish resources for those living in the Geneva region, including Vaud and nearby parts of France, as well as key national institutions such as the embassy in Bern. Embassy Schwedische BotschaftBundesgasse 26PostfachCH-3001 BernTel: +41 031 328 70 00Fax: +41 031 328 70 01Email: ambassaden.bern@gov.se Consulate Consulate de Su\u00e8de14 Quai &hellip; <a href=\"https:\/\/www.nordics.ch\/?page_id=56\" class=\"more-link\">Continue reading <span class=\"screen-reader-text\">Sweden Resources in Switzerland<\/span> <span class=\"meta-nav\">&rarr;<\/span><\/a><\/p>\n","protected":false},"author":1,"featured_media":0,"parent":6828,"menu_order":0,"comment_status":"closed","ping_status":"closed","template":"","meta":[],"acf":[],"_links":{"self":[{"href":"https:\/\/www.nordics.ch\/index.php?rest_route=\/wp\/v2\/pages\/56"}],"collection":[{"href":"https:\/\/www.nordics.ch\/index.php?rest_route=\/wp\/v2\/pages"}],"about":[{"href":"https:\/\/www.nordics.ch\/index.php?rest_route=\/wp\/v2\/types\/page"}],"author":[{"embeddable":true,"href":"https:\/\/www.nordics.ch\/index.php?rest_route=\/wp\/v2\/users\/1"}],"replies":[{"embeddable":true,"href":"https:\/\/www.nordics.ch\/index.php?rest_route=%2Fwp%2Fv2%2Fcomments&post=56"}],"version-history":[{"count":11,"href":"https:\/\/www.nordics.ch\/index.php?rest_route=\/wp\/v2\/pages\/56\/revisions"}],"predecessor-version":[{"id":6864,"href":"https:\/\/www.nordics.ch\/index.php?rest_route=\/wp\/v2\/pages\/56\/revisions\/6864"}],"up":[{"embeddable":true,"href":"https:\/\/www.nordics.ch\/index.php?rest_route=\/wp\/v2\/pages\/6828"}],"wp:attachment":[{"href":"https:\/\/www.nordics.ch\/index.php?rest_route=%2Fwp%2Fv2%2Fmedia&parent=56"}],"curies":[{"name":"wp","href":"https:\/\/api.w.org\/{rel}","templated":true}]}}